{"id":8280,"date":"2024-05-02T17:18:18","date_gmt":"2024-05-02T14:18:18","guid":{"rendered":"https:\/\/www.azuuhotel.com\/?page_id=8280"},"modified":"2024-05-16T16:13:39","modified_gmt":"2024-05-16T13:13:39","slug":"azuu-pub","status":"publish","type":"page","link":"https:\/\/www.azuuhotel.com\/en\/azuu-pub\/","title":{"rendered":"Pub &#038; Restaurant"},"content":{"rendered":"\t\t<div data-elementor-type=\"wp-page\" data-elementor-id=\"8280\" class=\"elementor elementor-8280\" data-elementor-post-type=\"page\">\n\t\t\t\t<div class=\"elementor-element elementor-element-161c977 e-flex e-con-boxed e-con e-parent\" data-id=\"161c977\" data-element_type=\"container\" data-e-type=\"container\">\n\t\t\t\t\t<div class=\"e-con-inner\">\n\t\t\t\t<div class=\"elementor-element elementor-element-5c22ac7 elementor-widget elementor-widget-text-editor\" data-id=\"5c22ac7\" data-element_type=\"widget\" data-e-type=\"widget\" data-widget_type=\"text-editor.default\">\n\t\t\t\t<div class=\"elementor-widget-container\">\n\t\t\t\t\t\t\t\t\t<h3>Azuu Pub, lezzet dolu bir deneyim ve keyifli bir atmosfer sunmak i\u00e7in tasarlanm\u0131\u015f benzersiz bir mekand\u0131r.<\/h3>\n\u015eehrin kalbinde, enerjik ve canl\u0131 bir ortamda yer alan Azuu Pub, her ya\u015f grubundan ziyaret\u00e7ilere hitap etmektedir.\t\t\t\t\t\t\t\t<\/div>\n\t\t\t\t<\/div>\n\t\t\t\t<div class=\"elementor-element elementor-element-6159c12 elementor-button-typo-link elementor-widget elementor-widget-button\" data-id=\"6159c12\" data-element_type=\"widget\" data-e-type=\"widget\" data-widget_type=\"button.default\">\n\t\t\t\t<div class=\"elementor-widget-container\">\n\t\t\t\t\t\t\t\t\t<div class=\"elementor-button-wrapper\">\n\t\t\t\t\t<a class=\"elementor-button elementor-button-link elementor-size-sm\" href=\"https:\/\/maps.app.goo.gl\/t6ZLHkuCmqeQFj2b9\" target=\"_blank\" rel=\"noopener\">\n\t\t\t\t\t\t<span class=\"elementor-button-content-wrapper\">\n\t\t\t\t\t\t<span class=\"elementor-button-icon\">\n\t\t\t\t<i aria-hidden=\"true\" class=\"seasona-icon- seasona-icon-long-arrow-right\"><\/i>\t\t\t<\/span>\n\t\t\t\t\t\t\t\t\t<span class=\"elementor-button-text\">Yol Tarifi Al<\/span>\n\t\t\t\t\t<\/span>\n\t\t\t\t\t<\/a>\n\t\t\t\t<\/div>\n\t\t\t\t\t\t\t\t<\/div>\n\t\t\t\t<\/div>\n\t\t\t\t\t<\/div>\n\t\t\t\t<\/div>\n\t\t<div class=\"elementor-element elementor-element-a90c530 e-flex e-con-boxed e-con e-parent\" data-id=\"a90c530\" data-element_type=\"container\" data-e-type=\"container\">\n\t\t\t\t\t<div class=\"e-con-inner\">\n\t\t\t\t<div class=\"elementor-element elementor-element-24ae7ba elementor-widget elementor-widget-gallery\" data-id=\"24ae7ba\" data-element_type=\"widget\" data-e-type=\"widget\" data-settings=\"{&quot;gallery_layout&quot;:&quot;justified&quot;,&quot;ideal_row_height&quot;:{&quot;unit&quot;:&quot;px&quot;,&quot;size&quot;:260,&quot;sizes&quot;:[]},&quot;lazyload&quot;:&quot;yes&quot;,&quot;ideal_row_height_laptop&quot;:{&quot;unit&quot;:&quot;px&quot;,&quot;size&quot;:150,&quot;sizes&quot;:[]},&quot;ideal_row_height_tablet_extra&quot;:{&quot;unit&quot;:&quot;px&quot;,&quot;size&quot;:150,&quot;sizes&quot;:[]},&quot;ideal_row_height_tablet&quot;:{&quot;unit&quot;:&quot;px&quot;,&quot;size&quot;:150,&quot;sizes&quot;:[]},&quot;ideal_row_height_mobile_extra&quot;:{&quot;unit&quot;:&quot;px&quot;,&quot;size&quot;:150,&quot;sizes&quot;:[]},&quot;ideal_row_height_mobile&quot;:{&quot;unit&quot;:&quot;px&quot;,&quot;size&quot;:150,&quot;sizes&quot;:[]},&quot;gap&quot;:{&quot;unit&quot;:&quot;px&quot;,&quot;size&quot;:10,&quot;sizes&quot;:[]},&quot;gap_laptop&quot;:{&quot;unit&quot;:&quot;px&quot;,&quot;size&quot;:10,&quot;sizes&quot;:[]},&quot;gap_tablet_extra&quot;:{&quot;unit&quot;:&quot;px&quot;,&quot;size&quot;:10,&quot;sizes&quot;:[]},&quot;gap_tablet&quot;:{&quot;unit&quot;:&quot;px&quot;,&quot;size&quot;:10,&quot;sizes&quot;:[]},&quot;gap_mobile_extra&quot;:{&quot;unit&quot;:&quot;px&quot;,&quot;size&quot;:10,&quot;sizes&quot;:[]},&quot;gap_mobile&quot;:{&quot;unit&quot;:&quot;px&quot;,&quot;size&quot;:10,&quot;sizes&quot;:[]},&quot;link_to&quot;:&quot;file&quot;,&quot;overlay_background&quot;:&quot;yes&quot;,&quot;content_hover_animation&quot;:&quot;fade-in&quot;}\" data-widget_type=\"gallery.default\">\n\t\t\t\t<div class=\"elementor-widget-container\">\n\t\t\t\t\t\t\t<div class=\"elementor-gallery__container\">\n\t\t\t\t\t\t\t<a class=\"e-gallery-item elementor-gallery-item elementor-animated-content\" href=\"https:\/\/www.azuuhotel.com\/wp-content\/uploads\/2024\/05\/azuu-pub-bar-antalya-scaled.jpg\" data-elementor-open-lightbox=\"yes\" data-elementor-lightbox-slideshow=\"24ae7ba\" data-elementor-lightbox-title=\"azuu-pub-bar-antalya\" data-elementor-lightbox-description=\"Azuu Pub, Antalya \/ Lara\" data-e-action-hash=\"#elementor-action%3Aaction%3Dlightbox%26settings%3DeyJpZCI6ODI5MSwidXJsIjoiaHR0cHM6XC9cL3d3dy5henV1aG90ZWwuY29tXC93cC1jb250ZW50XC91cGxvYWRzXC8yMDI0XC8wNVwvYXp1dS1wdWItYmFyLWFudGFseWEtc2NhbGVkLmpwZyIsInNsaWRlc2hvdyI6IjI0YWU3YmEifQ%3D%3D\">\n\t\t\t\t\t<div class=\"e-gallery-image elementor-gallery-item__image\" data-thumbnail=\"https:\/\/www.azuuhotel.com\/wp-content\/uploads\/2024\/05\/azuu-pub-bar-antalya-scaled.jpg\" data-width=\"2048\" data-height=\"633\" aria-label=\"Azuu Pub, Antalya \/ Lara\" role=\"img\" ><\/div>\n\t\t\t\t\t\t\t\t\t\t\t<div class=\"elementor-gallery-item__overlay\"><\/div>\n\t\t\t\t\t\t\t\t\t\t\t\t\t\t<\/a>\n\t\t\t\t\t\t\t<a class=\"e-gallery-item elementor-gallery-item elementor-animated-content\" href=\"https:\/\/www.azuuhotel.com\/wp-content\/uploads\/2024\/05\/azuu-pub-bar-antalya-event.jpg\" data-elementor-open-lightbox=\"yes\" data-elementor-lightbox-slideshow=\"24ae7ba\" data-elementor-lightbox-title=\"azuu-pub-bar-antalya-event\" data-elementor-lightbox-description=\"Azuu Pub, Antalya \/ Lara\" data-e-action-hash=\"#elementor-action%3Aaction%3Dlightbox%26settings%3DeyJpZCI6ODI4NywidXJsIjoiaHR0cHM6XC9cL3d3dy5henV1aG90ZWwuY29tXC93cC1jb250ZW50XC91cGxvYWRzXC8yMDI0XC8wNVwvYXp1dS1wdWItYmFyLWFudGFseWEtZXZlbnQuanBnIiwic2xpZGVzaG93IjoiMjRhZTdiYSJ9\">\n\t\t\t\t\t<div class=\"e-gallery-image elementor-gallery-item__image\" data-thumbnail=\"https:\/\/www.azuuhotel.com\/wp-content\/uploads\/2024\/05\/azuu-pub-bar-antalya-event.jpg\" data-width=\"1300\" data-height=\"1846\" aria-label=\"Azuu Pub, Antalya \/ Lara\" role=\"img\" ><\/div>\n\t\t\t\t\t\t\t\t\t\t\t<div class=\"elementor-gallery-item__overlay\"><\/div>\n\t\t\t\t\t\t\t\t\t\t\t\t\t\t<\/a>\n\t\t\t\t\t\t\t<a class=\"e-gallery-item elementor-gallery-item elementor-animated-content\" href=\"https:\/\/www.azuuhotel.com\/wp-content\/uploads\/2024\/05\/antalya-lara-pub-bar-antalya.jpg\" data-elementor-open-lightbox=\"yes\" data-elementor-lightbox-slideshow=\"24ae7ba\" data-elementor-lightbox-title=\"antalya-lara-pub-bar-antalya\" data-elementor-lightbox-description=\"Azuu Pub, Antalya \/ Lara\" data-e-action-hash=\"#elementor-action%3Aaction%3Dlightbox%26settings%3DeyJpZCI6ODI4OSwidXJsIjoiaHR0cHM6XC9cL3d3dy5henV1aG90ZWwuY29tXC93cC1jb250ZW50XC91cGxvYWRzXC8yMDI0XC8wNVwvYW50YWx5YS1sYXJhLXB1Yi1iYXItYW50YWx5YS5qcGciLCJzbGlkZXNob3ciOiIyNGFlN2JhIn0%3D\">\n\t\t\t\t\t<div class=\"e-gallery-image elementor-gallery-item__image\" data-thumbnail=\"https:\/\/www.azuuhotel.com\/wp-content\/uploads\/2024\/05\/antalya-lara-pub-bar-antalya.jpg\" data-width=\"1300\" data-height=\"923\" aria-label=\"Azuu Pub, Antalya \/ Lara\" role=\"img\" ><\/div>\n\t\t\t\t\t\t\t\t\t\t\t<div class=\"elementor-gallery-item__overlay\"><\/div>\n\t\t\t\t\t\t\t\t\t\t\t\t\t\t<\/a>\n\t\t\t\t\t\t\t<a class=\"e-gallery-item elementor-gallery-item elementor-animated-content\" href=\"https:\/\/www.azuuhotel.com\/wp-content\/uploads\/2024\/05\/azuu-pub-bar-antalya-turkey-scaled.jpg\" data-elementor-open-lightbox=\"yes\" data-elementor-lightbox-slideshow=\"24ae7ba\" data-elementor-lightbox-title=\"azuu-pub-bar-antalya-turkey\" data-elementor-lightbox-description=\"Azuu Pub, Antalya \/ Lara\" data-e-action-hash=\"#elementor-action%3Aaction%3Dlightbox%26settings%3DeyJpZCI6ODI5MCwidXJsIjoiaHR0cHM6XC9cL3d3dy5henV1aG90ZWwuY29tXC93cC1jb250ZW50XC91cGxvYWRzXC8yMDI0XC8wNVwvYXp1dS1wdWItYmFyLWFudGFseWEtdHVya2V5LXNjYWxlZC5qcGciLCJzbGlkZXNob3ciOiIyNGFlN2JhIn0%3D\">\n\t\t\t\t\t<div class=\"e-gallery-image elementor-gallery-item__image\" data-thumbnail=\"https:\/\/www.azuuhotel.com\/wp-content\/uploads\/2024\/05\/azuu-pub-bar-antalya-turkey-scaled.jpg\" data-width=\"2048\" data-height=\"744\" aria-label=\"Azuu Pub, Antalya \/ Lara\" role=\"img\" ><\/div>\n\t\t\t\t\t\t\t\t\t\t\t<div class=\"elementor-gallery-item__overlay\"><\/div>\n\t\t\t\t\t\t\t\t\t\t\t\t\t\t<\/a>\n\t\t\t\t\t\t\t<a class=\"e-gallery-item elementor-gallery-item elementor-animated-content\" href=\"https:\/\/www.azuuhotel.com\/wp-content\/uploads\/2024\/05\/azuu-antalya-pub-bar.jpg\" data-elementor-open-lightbox=\"yes\" data-elementor-lightbox-slideshow=\"24ae7ba\" data-elementor-lightbox-title=\"azuu-antalya-pub-bar\" data-elementor-lightbox-description=\"Azuu Pub, Antalya \/ Lara\" data-e-action-hash=\"#elementor-action%3Aaction%3Dlightbox%26settings%3DeyJpZCI6ODI4OCwidXJsIjoiaHR0cHM6XC9cL3d3dy5henV1aG90ZWwuY29tXC93cC1jb250ZW50XC91cGxvYWRzXC8yMDI0XC8wNVwvYXp1dS1hbnRhbHlhLXB1Yi1iYXIuanBnIiwic2xpZGVzaG93IjoiMjRhZTdiYSJ9\">\n\t\t\t\t\t<div class=\"e-gallery-image elementor-gallery-item__image\" data-thumbnail=\"https:\/\/www.azuuhotel.com\/wp-content\/uploads\/2024\/05\/azuu-antalya-pub-bar.jpg\" data-width=\"1300\" data-height=\"924\" aria-label=\"Azuu Pub, Antalya \/ Lara\" role=\"img\" ><\/div>\n\t\t\t\t\t\t\t\t\t\t\t<div class=\"elementor-gallery-item__overlay\"><\/div>\n\t\t\t\t\t\t\t\t\t\t\t\t\t\t<\/a>\n\t\t\t\t\t<\/div>\n\t\t\t\t\t<\/div>\n\t\t\t\t<\/div>\n\t\t\t\t\t<\/div>\n\t\t\t\t<\/div>\n\t\t<div class=\"elementor-element elementor-element-6ed44cf e-flex e-con-boxed e-con e-parent\" data-id=\"6ed44cf\" data-element_type=\"container\" data-e-type=\"container\">\n\t\t\t\t\t<div class=\"e-con-inner\">\n\t\t<div class=\"elementor-element elementor-element-0e9fb19 e-con-full e-flex e-con e-child\" data-id=\"0e9fb19\" data-element_type=\"container\" data-e-type=\"container\">\n\t\t\t\t<div class=\"elementor-element elementor-element-dc308de elementor-widget__width-initial elementor-widget elementor-widget-text-editor\" data-id=\"dc308de\" data-element_type=\"widget\" data-e-type=\"widget\" data-widget_type=\"text-editor.default\">\n\t\t\t\t<div class=\"elementor-widget-container\">\n\t\t\t\t\t\t\t\t\t<p><strong>Lezzet Dolu Bir Men\u00fc<\/strong><\/p><p>Azuu Pub, damak zevkine uygun geni\u015f bir men\u00fc sunar. Gurme burgerler, enfes at\u0131\u015ft\u0131rmal\u0131klar, y\u00f6resel lezzetler ve birbirinden \u00f6zel i\u00e7eceklerle dolu men\u00fcm\u00fcz, her zevke ve ihtiyaca hitap eder. \u015eeflerimizin \u00f6zenle haz\u0131rlad\u0131\u011f\u0131 yemekler, kaliteli malzemeler ve lezzet garantisiyle misafirlerimizin be\u011fenisine sunulur.<\/p><p><strong>Keyifli Atmosfer ve Canl\u0131 M\u00fczik<\/strong><\/p><p>Azuu Pub, sadece yemek yemek i\u00e7in de\u011fil, ayn\u0131 zamanda e\u011flenceli vakit ge\u00e7irmek i\u00e7in de ideal bir mekand\u0131r. Canl\u0131 m\u00fczik performanslar\u0131, \u00f6zel etkinlikler ve tema geceleriyle her g\u00fcn farkl\u0131 bir deneyim sunar\u0131z. Arkada\u015flar\u0131n\u0131zla bulu\u015fup unutulmaz anlar ya\u015famak i\u00e7in Azuu Pub&#8217;u tercih edebilirsiniz.<\/p><p><strong>G\u00fcler Y\u00fczl\u00fc Hizmet<\/strong><\/p><p>M\u00fc\u015fteri memnuniyeti bizim i\u00e7in \u00f6nceliktir. Azuu Pub&#8217;da s\u0131cak ve samimi bir atmosferde, deneyimli ve g\u00fcler y\u00fczl\u00fc personelimizle hizmet veriyoruz. Her detay\u0131 titizlikle d\u00fc\u015f\u00fcnerek, misafirlerimize en iyi deneyimi sunmak i\u00e7in \u00e7al\u0131\u015f\u0131yoruz.<\/p><p><strong>\u00d6zel Organizasyonlar \u0130\u00e7in M\u00fckemmel Mekan<\/strong><\/p><p>\u00d6zel etkinlikler, do\u011fum g\u00fcn\u00fc partileri, \u015firket toplant\u0131lar\u0131 ve daha fazlas\u0131 i\u00e7in Azuu Pub, ideal mekanlardan biridir. \u00d6zel alanlar\u0131m\u0131z, ki\u015fiselle\u015ftirilmi\u015f hizmetlerimiz ve lezzetli men\u00fcm\u00fczle unutulmaz bir etkinlik d\u00fczenlemenize yard\u0131mc\u0131 olabiliriz.<\/p><p><strong>Bize Ula\u015f\u0131n<\/strong><\/p><p>E\u011fer lezzet dolu bir yeme\u011fin ve e\u011flenceli bir atmosferin keyfini \u00e7\u0131karmak istiyorsan\u0131z, hemen rezervasyon yap\u0131n ve Azuu Pub&#8217;un tad\u0131n\u0131 \u00e7\u0131kar\u0131n. Adresimize gelin ve bizimle birlikte unutulmaz anlar ya\u015fay\u0131n.<\/p><p>Azuu Pub, lezzetin ve e\u011flencenin bulu\u015fma noktas\u0131d\u0131r. Sizleri bekliyoruz!<\/p>\t\t\t\t\t\t\t\t<\/div>\n\t\t\t\t<\/div>\n\t\t\t\t<\/div>\n\t\t<div class=\"elementor-element elementor-element-e7c2cde e-con-full e-flex e-con e-child\" data-id=\"e7c2cde\" data-element_type=\"container\" data-e-type=\"container\" data-settings=\"{&quot;background_background&quot;:&quot;classic&quot;}\">\n\t\t\t\t<div class=\"elementor-element elementor-element-a06e99d elementor-widget elementor-widget-heading\" data-id=\"a06e99d\" data-element_type=\"widget\" data-e-type=\"widget\" data-widget_type=\"heading.default\">\n\t\t\t\t<div class=\"elementor-widget-container\">\n\t\t\t\t\t<h2 class=\"elementor-heading-title elementor-size-default\">Rezervasyon Yap\u0131n<\/h2>\t\t\t\t<\/div>\n\t\t\t\t<\/div>\n\t\t\t\t<div class=\"elementor-element elementor-element-4b14aa8 elementor-button-align-stretch elementor-widget elementor-widget-form\" data-id=\"4b14aa8\" data-element_type=\"widget\" data-e-type=\"widget\" data-settings=\"{&quot;step_next_label&quot;:&quot;Next&quot;,&quot;step_previous_label&quot;:&quot;Previous&quot;,&quot;button_width&quot;:&quot;100&quot;,&quot;step_type&quot;:&quot;number_text&quot;,&quot;step_icon_shape&quot;:&quot;circle&quot;}\" data-widget_type=\"form.default\">\n\t\t\t\t<div class=\"elementor-widget-container\">\n\t\t\t\t\t\t\t<form class=\"elementor-form\" method=\"post\" id=\"azuu_pub_reservation_submit\" name=\"Azuu Pub Rezervasyon Formu\">\n\t\t\t<input type=\"hidden\" name=\"post_id\" value=\"8280\"\/>\n\t\t\t<input type=\"hidden\" name=\"form_id\" value=\"4b14aa8\"\/>\n\t\t\t<input type=\"hidden\" name=\"referer_title\" value=\"Pub &amp; Restaurant &#045; Azuu Hotel, Antalya - Official Website\" \/>\n\n\t\t\t\t\t\t\t<input type=\"hidden\" name=\"queried_id\" value=\"8280\"\/>\n\t\t\t\n\t\t\t<div class=\"elementor-form-fields-wrapper elementor-labels-above\">\n\t\t\t\t\t\t\t\t<div class=\"elementor-field-type-text elementor-field-group elementor-column elementor-field-group-name elementor-col-100 elementor-field-required elementor-mark-required\">\n\t\t\t\t\t\t\t\t\t\t\t\t<label for=\"form-field-name\" class=\"elementor-field-label\">\n\t\t\t\t\t\t\t\tAd & Soyad\t\t\t\t\t\t\t<\/label>\n\t\t\t\t\t\t\t\t\t\t\t\t\t\t<input size=\"1\" type=\"text\" name=\"form_fields[name]\" id=\"form-field-name\" class=\"elementor-field elementor-size-md  elementor-field-textual\" required=\"required\">\n\t\t\t\t\t\t\t\t\t\t\t<\/div>\n\t\t\t\t\t\t\t\t<div class=\"elementor-field-type-tel elementor-field-group elementor-column elementor-field-group-email elementor-col-50 elementor-field-required elementor-mark-required\">\n\t\t\t\t\t\t\t\t\t\t\t\t<label for=\"form-field-email\" class=\"elementor-field-label\">\n\t\t\t\t\t\t\t\tTelefon\t\t\t\t\t\t\t<\/label>\n\t\t\t\t\t\t\t\t<input size=\"1\" type=\"tel\" name=\"form_fields[email]\" id=\"form-field-email\" class=\"elementor-field elementor-size-md  elementor-field-textual\" required=\"required\" pattern=\"[0-9()#&amp;+*-=.]+\" title=\"Only numbers and phone characters (#, -, *, etc) are accepted.\">\n\n\t\t\t\t\t\t<\/div>\n\t\t\t\t\t\t\t\t<div class=\"elementor-field-type-email elementor-field-group elementor-column elementor-field-group-field_762a937 elementor-col-50 elementor-field-required elementor-mark-required\">\n\t\t\t\t\t\t\t\t\t\t\t\t<label for=\"form-field-field_762a937\" class=\"elementor-field-label\">\n\t\t\t\t\t\t\t\tEmail\t\t\t\t\t\t\t<\/label>\n\t\t\t\t\t\t\t\t\t\t\t\t\t\t<input size=\"1\" type=\"email\" name=\"form_fields[field_762a937]\" id=\"form-field-field_762a937\" class=\"elementor-field elementor-size-md  elementor-field-textual\" required=\"required\">\n\t\t\t\t\t\t\t\t\t\t\t<\/div>\n\t\t\t\t\t\t\t\t<div class=\"elementor-field-type-radio elementor-field-group elementor-column elementor-field-group-field_2222643 elementor-col-100 elementor-field-required elementor-mark-required\">\n\t\t\t\t\t\t\t\t\t\t\t\t<label for=\"form-field-field_2222643\" class=\"elementor-field-label\">\n\t\t\t\t\t\t\t\tOrganizasyon T\u00fcr\u00fc\t\t\t\t\t\t\t<\/label>\n\t\t\t\t\t\t<div class=\"elementor-field-subgroup  elementor-subgroup-inline\"><span class=\"elementor-field-option\"><input type=\"radio\" value=\"Do\u011fum G\u00fcn\u00fc\" id=\"form-field-field_2222643-0\" name=\"form_fields[field_2222643]\" required=\"required\"> <label for=\"form-field-field_2222643-0\">Do\u011fum G\u00fcn\u00fc<\/label><\/span><span class=\"elementor-field-option\"><input type=\"radio\" value=\"Kutlama\" id=\"form-field-field_2222643-1\" name=\"form_fields[field_2222643]\" required=\"required\"> <label for=\"form-field-field_2222643-1\">Kutlama<\/label><\/span><span class=\"elementor-field-option\"><input type=\"radio\" value=\"\u015eirket Yeme\u011fi\" id=\"form-field-field_2222643-2\" name=\"form_fields[field_2222643]\" required=\"required\"> <label for=\"form-field-field_2222643-2\">\u015eirket Yeme\u011fi<\/label><\/span><span class=\"elementor-field-option\"><input type=\"radio\" value=\"Ni\u015fan Yeme\u011fi\" id=\"form-field-field_2222643-3\" name=\"form_fields[field_2222643]\" required=\"required\"> <label for=\"form-field-field_2222643-3\">Ni\u015fan Yeme\u011fi<\/label><\/span><span class=\"elementor-field-option\"><input type=\"radio\" value=\"Di\u011fer\" id=\"form-field-field_2222643-4\" name=\"form_fields[field_2222643]\" required=\"required\"> <label for=\"form-field-field_2222643-4\">Di\u011fer<\/label><\/span><\/div>\t\t\t\t<\/div>\n\t\t\t\t\t\t\t\t<div class=\"elementor-field-type-textarea elementor-field-group elementor-column elementor-field-group-message elementor-col-100 elementor-field-required elementor-mark-required\">\n\t\t\t\t\t\t\t\t\t\t\t\t<label for=\"form-field-message\" class=\"elementor-field-label\">\n\t\t\t\t\t\t\t\tMesaj\u0131n\u0131z\t\t\t\t\t\t\t<\/label>\n\t\t\t\t\t\t<textarea class=\"elementor-field-textual elementor-field  elementor-size-md\" name=\"form_fields[message]\" id=\"form-field-message\" rows=\"5\" placeholder=\"L\u00fctfen detaylar\u0131 belirtiniz...\" required=\"required\"><\/textarea>\t\t\t\t<\/div>\n\t\t\t\t\t\t\t\t<div class=\"elementor-field-type-radio elementor-field-group elementor-column elementor-field-group-field_420ce40 elementor-col-100 elementor-field-required elementor-mark-required\">\n\t\t\t\t\t<div class=\"elementor-field-subgroup  \"><span class=\"elementor-field-option\"><input type=\"radio\" value=\"Ki\u015fisel Verilerin \u0130\u015flenmesine \u0130li\u015fkin Ayd\u0131nlatma Metni kapsam\u0131nda Arz Seyahat Turizm A.\u015e. taraf\u0131ndan belirtti\u011fim ileti\u015fim bilgilerim \u00fczerinden ula\u015f\u0131lmas\u0131n\u0131 kabul ediyorum.\" id=\"form-field-field_420ce40-0\" name=\"form_fields[field_420ce40]\" required=\"required\"> <label for=\"form-field-field_420ce40-0\">Ki\u015fisel Verilerin \u0130\u015flenmesine \u0130li\u015fkin Ayd\u0131nlatma Metni kapsam\u0131nda Arz Seyahat Turizm A.\u015e. taraf\u0131ndan belirtti\u011fim ileti\u015fim bilgilerim \u00fczerinden ula\u015f\u0131lmas\u0131n\u0131 kabul ediyorum.<\/label><\/span><\/div>\t\t\t\t<\/div>\n\t\t\t\t\t\t\t\t<div class=\"elementor-field-type-recaptcha elementor-field-group elementor-column elementor-field-group-field_922e2c8 elementor-col-100\">\n\t\t\t\t\t<div class=\"elementor-field\" id=\"form-field-field_922e2c8\"><div class=\"elementor-g-recaptcha\" data-sitekey=\"6LfJtN4pAAAAAN4RCty_jxQUc8O8JOUXHbfwQiWk\" data-type=\"v2_checkbox\" data-theme=\"light\" data-size=\"normal\"><\/div><\/div>\t\t\t\t<\/div>\n\t\t\t\t\t\t\t\t<div class=\"elementor-field-group elementor-column elementor-field-type-submit elementor-col-100 e-form__buttons\">\n\t\t\t\t\t<button class=\"elementor-button elementor-size-sm\" type=\"submit\">\n\t\t\t\t\t\t<span class=\"elementor-button-content-wrapper\">\n\t\t\t\t\t\t\t\t\t\t\t\t\t\t\t\t\t\t\t\t\t\t<span class=\"elementor-button-text\">G\u00f6nder<\/span>\n\t\t\t\t\t\t\t\t\t\t\t\t\t<\/span>\n\t\t\t\t\t<\/button>\n\t\t\t\t<\/div>\n\t\t\t<\/div>\n\t\t<\/form>\n\t\t\t\t\t\t<\/div>\n\t\t\t\t<\/div>\n\t\t\t\t<div class=\"elementor-element elementor-element-a18d422 elementor-button-typo-link elementor-widget elementor-widget-button\" data-id=\"a18d422\" data-element_type=\"widget\" data-e-type=\"widget\" data-widget_type=\"button.default\">\n\t\t\t\t<div class=\"elementor-widget-container\">\n\t\t\t\t\t\t\t\t\t<div class=\"elementor-button-wrapper\">\n\t\t\t\t\t<a class=\"elementor-button elementor-button-link elementor-size-sm\" href=\"tel:02423235757\">\n\t\t\t\t\t\t<span class=\"elementor-button-content-wrapper\">\n\t\t\t\t\t\t<span class=\"elementor-button-icon\">\n\t\t\t\t<svg aria-hidden=\"true\" class=\"e-font-icon-svg e-fas-phone\" viewBox=\"0 0 512 512\" xmlns=\"http:\/\/www.w3.org\/2000\/svg\"><path d=\"M493.4 24.6l-104-24c-11.3-2.6-22.9 3.3-27.5 13.9l-48 112c-4.2 9.8-1.4 21.3 6.9 28l60.6 49.6c-36 76.7-98.9 140.5-177.2 177.2l-49.6-60.6c-6.8-8.3-18.2-11.1-28-6.9l-112 48C3.9 366.5-2 378.1.6 389.4l24 104C27.1 504.2 36.7 512 48 512c256.1 0 464-207.5 464-464 0-11.2-7.7-20.9-18.6-23.4z\"><\/path><\/svg>\t\t\t<\/span>\n\t\t\t\t\t\t\t\t\t<span class=\"elementor-button-text\">Rezervasyon<\/span>\n\t\t\t\t\t<\/span>\n\t\t\t\t\t<\/a>\n\t\t\t\t<\/div>\n\t\t\t\t\t\t\t\t<\/div>\n\t\t\t\t<\/div>\n\t\t\t\t<\/div>\n\t\t\t\t\t<\/div>\n\t\t\t\t<\/div>\n\t\t\t\t<\/div>\n\t\t","protected":false},"excerpt":{"rendered":"<p>Azuu Pub, lezzet dolu bir deneyim ve keyifli bir atmosfer sunmak i\u00e7in tasarlanm\u0131\u015f benzersiz bir mekand\u0131r. \u015eehrin kalbinde, enerjik ve canl\u0131 bir ortamda yer alan Azuu Pub, her ya\u015f grubundan ziyaret\u00e7ilere hitap etmektedir. Yol Tarifi Al Lezzet Dolu Bir Men\u00fc Azuu Pub, damak zevkine uygun geni\u015f bir men\u00fc sunar. Gurme burgerler, enfes at\u0131\u015ft\u0131rmal\u0131klar, y\u00f6resel lezzetler [&hellip;]<\/p>\n","protected":false},"author":1,"featured_media":0,"parent":0,"menu_order":0,"comment_status":"closed","ping_status":"closed","template":"","meta":{"inline_featured_image":false,"footnotes":""},"class_list":["post-8280","page","type-page","status-publish","hentry"],"_links":{"self":[{"href":"https:\/\/www.azuuhotel.com\/en\/wp-json\/wp\/v2\/pages\/8280","targetHints":{"allow":["GET"]}}],"collection":[{"href":"https:\/\/www.azuuhotel.com\/en\/wp-json\/wp\/v2\/pages"}],"about":[{"href":"https:\/\/www.azuuhotel.com\/en\/wp-json\/wp\/v2\/types\/page"}],"author":[{"embeddable":true,"href":"https:\/\/www.azuuhotel.com\/en\/wp-json\/wp\/v2\/users\/1"}],"replies":[{"embeddable":true,"href":"https:\/\/www.azuuhotel.com\/en\/wp-json\/wp\/v2\/comments?post=8280"}],"version-history":[{"count":25,"href":"https:\/\/www.azuuhotel.com\/en\/wp-json\/wp\/v2\/pages\/8280\/revisions"}],"predecessor-version":[{"id":8472,"href":"https:\/\/www.azuuhotel.com\/en\/wp-json\/wp\/v2\/pages\/8280\/revisions\/8472"}],"wp:attachment":[{"href":"https:\/\/www.azuuhotel.com\/en\/wp-json\/wp\/v2\/media?parent=8280"}],"curies":[{"name":"wp","href":"https:\/\/api.w.org\/{rel}","templated":true}]}}