{"id":8763,"date":"2024-10-08T10:33:33","date_gmt":"2024-10-08T07:33:33","guid":{"rendered":"https:\/\/www.azuuhotel.com\/?page_id=8763"},"modified":"2024-10-08T10:33:33","modified_gmt":"2024-10-08T07:33:33","slug":"veri-sahibi-bilgi-ve-basvuru-formu","status":"publish","type":"page","link":"https:\/\/www.azuuhotel.com\/en\/veri-sahibi-bilgi-ve-basvuru-formu\/","title":{"rendered":"Veri Sahibi Bilgi ve Ba\u015fvuru Formu"},"content":{"rendered":"<table>\n<tbody>\n<tr>\n<td colspan=\"10\" width=\"712\"><strong>KI\u0307S\u0327I\u0307SEL VERI\u0307LERI\u0307N KORUNMASI KANUNU (KVKK) UYARINCA BI\u0307LGI\u0307 TALEP FORMU<\/strong><\/td>\n<\/tr>\n<tr>\n<td rowspan=\"8\" width=\"55\">&nbsp;<\/p>\n<p><strong>BAS\u0327VURU BI\u0307LGI\u0307LERI\u0307<\/strong><\/td>\n<td colspan=\"2\" width=\"109\">Ad Soyad<\/td>\n<td colspan=\"2\" width=\"164\">&nbsp;<\/td>\n<td colspan=\"2\" width=\"110\">T.C. Kimlik No<\/td>\n<td colspan=\"3\" width=\"274\">&nbsp;<\/td>\n<\/tr>\n<tr>\n<td colspan=\"2\" width=\"109\">E &#8211; Mail<\/td>\n<td colspan=\"2\" width=\"164\">&nbsp;<\/td>\n<td colspan=\"2\" width=\"110\">Telephone<\/td>\n<td colspan=\"3\" width=\"274\">&nbsp;<\/td>\n<\/tr>\n<tr>\n<td colspan=\"2\" width=\"109\">Do\u011fum Tarihi<\/td>\n<td colspan=\"2\" width=\"164\">&nbsp;<\/td>\n<td colspan=\"2\" width=\"110\">Do\u011fum Yeri<\/td>\n<td colspan=\"3\" width=\"274\">&nbsp;<\/td>\n<\/tr>\n<tr>\n<td colspan=\"2\" width=\"109\">Adres<\/td>\n<td colspan=\"7\" width=\"548\">&nbsp;<\/td>\n<\/tr>\n<tr>\n<td width=\"54\">\uf071<\/td>\n<td colspan=\"8\" width=\"602\">Veri sahibiyim (Kendi verilerimi talep ediyorum)<\/td>\n<\/tr>\n<tr>\n<td width=\"54\">\uf071<\/td>\n<td colspan=\"8\" width=\"602\">Veri sahibi yak\u0131n\u0131y\u0131m (Yak\u0131n\u0131ma ili\u015fkin verileri talep ediyorum)<\/td>\n<\/tr>\n<tr>\n<td colspan=\"6\" width=\"383\">Yak\u0131n\u0131 iseniz yak\u0131nl\u0131k derecesini belirtiniz (Yasal temsilci iseniz ilgili karar\u0131 ek olarak iletiniz.)<\/td>\n<td colspan=\"3\" width=\"274\">&nbsp;<\/td>\n<\/tr>\n<tr>\n<td colspan=\"9\" width=\"657\">Not: Ki\u015fisel verilerinizin g\u00fcvenli\u011fini sa\u011flamak amac\u0131yla kimlik tespiti i\u00e7in ek evrak (N\u00fcfus C\u00fczdan\u0131 vb.) talep edilebilir.<\/td>\n<\/tr>\n<tr>\n<td rowspan=\"9\" width=\"55\">&nbsp;<\/p>\n<p><strong>KURUMLA I\u0307LI\u0307S\u0327KI\u0307 BI\u0307LGI\u0307SI\u0307<\/strong><\/td>\n<td colspan=\"9\" width=\"657\">L\u00fctfen a\u015fa\u011f\u0131daki se\u00e7eneklerden kurumumuzla olan ilginize uygun olan\u0131 i\u015faretleyiniz.<\/td>\n<\/tr>\n<tr>\n<td width=\"54\">\uf071<\/td>\n<td colspan=\"2\" width=\"165\">\u00dcr\u00fcn veya Hizmet Alan Ki\u015fi<\/td>\n<td width=\"54\">\uf071<\/td>\n<td colspan=\"3\" width=\"165\">\u00c7al\u0131\u015fan\/Eski \u00c7al\u0131\u015fan\/Aday<\/td>\n<td width=\"54\">\uf071<\/td>\n<td width=\"164\">Tedarik\u00e7i\/ Firma \u00c7al\u0131\u015fan\u0131<\/td>\n<\/tr>\n<tr>\n<td colspan=\"3\" width=\"219\">\u00dcr\u00fcn veya Hizmet Alan Ki\u015fi \u0130\u00e7in<\/td>\n<td colspan=\"4\" width=\"219\">\u00c7al\u0131\u015fanlar\u0131m\u0131z \u0130\u00e7in Mevcut Durum<\/td>\n<td colspan=\"2\" width=\"219\">Tedarik\u00e7ilerimiz \u0130\u00e7in<\/td>\n<\/tr>\n<tr>\n<td colspan=\"3\" width=\"219\">En son hizmet al\u0131nan birim;<\/td>\n<td width=\"54\">\uf071<\/td>\n<td colspan=\"3\" width=\"165\">Mevcut \u00c7al\u0131\u015fan<\/td>\n<td colspan=\"2\" width=\"219\">\u00c7al\u0131\u015ft\u0131\u011f\u0131n\u0131z Firma Ad\u0131<\/td>\n<\/tr>\n<tr>\n<td colspan=\"3\" width=\"219\">&nbsp;<\/td>\n<td width=\"54\">\uf071<\/td>\n<td colspan=\"3\" width=\"165\">Eski \u00c7al\u0131\u015fan<\/td>\n<td colspan=\"2\" width=\"219\">&nbsp;<\/td>\n<\/tr>\n<tr>\n<td colspan=\"3\" width=\"219\">&nbsp;<\/td>\n<td width=\"54\">\uf071<\/td>\n<td colspan=\"3\" width=\"165\">\u00c7al\u0131\u015fan Aday\u0131 \/ Stjayer<\/td>\n<td colspan=\"2\" width=\"219\">&nbsp;<\/td>\n<\/tr>\n<tr>\n<td colspan=\"3\" width=\"219\">Son ba\u015fvuru tarihi;<\/td>\n<td colspan=\"4\" rowspan=\"2\" width=\"219\">\u00c7al\u0131\u015fma d\u00f6nemi y\u0131l:<\/p>\n<p>Adaylar i\u00e7in ba\u015fvuru y\u0131l\u0131:<\/td>\n<td colspan=\"2\" width=\"219\">Firman\u0131zdaki pozisyonunuz<\/td>\n<\/tr>\n<tr>\n<td width=\"54\">&nbsp;<\/td>\n<td colspan=\"2\" width=\"165\">\u2026\u2026..\/\u2026\u2026\/20\u2026<\/td>\n<td colspan=\"2\" width=\"219\">&nbsp;<\/td>\n<\/tr>\n<tr>\n<td colspan=\"9\" width=\"657\">Di\u011fer:<\/td>\n<\/tr>\n<tr>\n<td rowspan=\"8\" width=\"55\">&nbsp;<\/p>\n<p><strong>TALEBE I\u0307LI\u0307S\u0327KI\u0307N BI\u0307LGI\u0307<\/strong><\/td>\n<td colspan=\"9\" width=\"657\">L\u00fctfen talep etti\u011finiz ki\u015fisel veriye ili\u015fkin bir a\u00e7\u0131klama yap\u0131n\u0131z ve verinin konumuna dair sahip oldu\u011funuz herhangi bir bilgi var ise payla\u015f\u0131n\u0131z (\u00f6rne\u011fin \u00e7al\u0131\u015f\u0131yorsan\u0131z departman\u0131n\u0131z\u0131, ileti\u015fimde bulundu\u011funuz ki\u015fileri uygun oldu\u011fu \u00f6l\u00e7\u00fcde a\u00e7\u0131klay\u0131n\u0131z).<\/td>\n<\/tr>\n<tr>\n<td colspan=\"9\" width=\"657\">&nbsp;<\/td>\n<\/tr>\n<tr>\n<td colspan=\"9\" width=\"657\">&nbsp;<\/td>\n<\/tr>\n<tr>\n<td colspan=\"9\" width=\"657\">&nbsp;<\/td>\n<\/tr>\n<tr>\n<td colspan=\"9\" width=\"657\">&nbsp;<\/td>\n<\/tr>\n<tr>\n<td colspan=\"4\" rowspan=\"3\" width=\"273\">L\u00fctfen talebinize verece\u011fimiz yan\u0131t i\u00e7in sizinle kurman\u0131z\u0131 istedi\u011finiz ileti\u015fim \u015feklini se\u00e7iniz.<\/td>\n<td width=\"46\">\uf071<\/td>\n<td colspan=\"4\" width=\"337\">A\u00e7\u0131k adresime \u00fccretli kargo ile g\u00f6nderiniz.<\/td>\n<\/tr>\n<tr>\n<td width=\"46\">\uf071<\/td>\n<td colspan=\"4\" width=\"337\">Belirtti\u011fim E-posta adresime g\u00f6nderiniz.<\/td>\n<\/tr>\n<tr>\n<td width=\"46\">\uf071<\/td>\n<td colspan=\"4\" width=\"337\">Bizzat ba\u015fvurarak elden teslim almak istiyorum.<\/td>\n<\/tr>\n<tr>\n<td colspan=\"5\" width=\"328\">Talep Eden Taraf\u0131ndan Doldurulacak<\/td>\n<td colspan=\"5\" width=\"383\">Kurum Taraf\u0131ndan Doldurulacak<\/td>\n<\/tr>\n<tr>\n<td colspan=\"4\" width=\"274\">Talep Tarihi: \u2026\u2026&#8230;.\/&#8230;&#8230;. \/20\u2026\u2026<\/td>\n<td width=\"54\">&nbsp;<\/td>\n<td colspan=\"5\" width=\"383\">Teslim Alma Tarihi: \u2026\u2026&#8230;.\/&#8230;&#8230;. \/20\u2026\u2026<\/td>\n<\/tr>\n<tr>\n<td colspan=\"3\" width=\"164\">Talep Eden Ad\u0131 Soyad\u0131:<\/td>\n<td width=\"110\">&nbsp;<\/td>\n<td width=\"54\">&nbsp;<\/td>\n<td colspan=\"3\" width=\"165\">Teslim Alan Ad\u0131 Soyad\u0131:<\/td>\n<td width=\"54\">&nbsp;<\/td>\n<td width=\"164\">&nbsp;<\/td>\n<\/tr>\n<tr>\n<td width=\"55\">\u0130mza:<\/td>\n<td width=\"54\">&nbsp;<\/td>\n<td width=\"55\">&nbsp;<\/td>\n<td width=\"110\">&nbsp;<\/td>\n<td width=\"54\">&nbsp;<\/td>\n<td width=\"46\">\u0130mza:<\/td>\n<td width=\"64\">&nbsp;<\/td>\n<td width=\"55\">&nbsp;<\/td>\n<td width=\"54\">&nbsp;<\/td>\n<td width=\"164\">&nbsp;<\/td>\n<\/tr>\n<tr>\n<td colspan=\"10\" width=\"712\">A\u00e7\u0131klama: Ki\u015fisel verilerinizle ilgili taleplerinizi bu formu doldurarak, veri sorumlusu s\u0131fat\u0131 ile i\u015flendi\u011fi \u00f6l\u00e7\u00fcde Ki\u015fisel Verileri Koruma Kanunu&#8217;nun 11.maddesi gere\u011fi ARZ SEYAHAT ACENTELER\u0130 TUR\u0130ZM T\u0130CARET LTD. \u015eT\u0130.<strong> \u00fcnvanl\u0131 &#8211; <\/strong>\u00c7a\u011flayan, 2054. Sk. No:1, 07230 Muratpa\u015fa\/Antalya adresine elden teslim edebilir veya noter kanal\u0131yla g\u00f6nderebilirsiniz. Ayr\u0131ca ba\u015fvuru formunu 5070 Say\u0131l\u0131 Elektronik \u0130mza Kanununda tan\u0131ml\u0131 olan \u201cg\u00fcvenli elektronik imza\u201d ile imzalayarak kurumumuzun kay\u0131tl\u0131 elektronik posta (KEP) adresine g\u00f6nderebilirsiniz. Bu formda belirtti\u011finiz bilgi ve belgeler kurumumuz ile ili\u015fkinizi do\u011fru bir \u015fekilde tespit etmek ve size kanuni s\u00fcre i\u00e7erisinde yan\u0131t verebilmek i\u00e7in talep edilmektedir. Mevzuat\u0131n \u00f6ng\u00f6rd\u00fc\u011f\u00fc \u00fccret taraf\u0131n\u0131zdan talep edilebilecektir.<\/td>\n<\/tr>\n<\/tbody>\n<\/table>\n<p>&nbsp;<\/p>","protected":false},"excerpt":{"rendered":"<p>KI\u0307S\u0327I\u0307SEL VERI\u0307LERI\u0307N KORUNMASI KANUNU (KVKK) UYARINCA BI\u0307LGI\u0307 TALEP FORMU &nbsp; BAS\u0327VURU BI\u0307LGI\u0307LERI\u0307 Ad Soyad &nbsp; T.C. Kimlik No &nbsp; E &#8211; Mail &nbsp; Telefon &nbsp; Do\u011fum Tarihi &nbsp; Do\u011fum Yeri &nbsp; Adres &nbsp; \uf071 Veri sahibiyim (Kendi verilerimi talep ediyorum) \uf071 Veri sahibi yak\u0131n\u0131y\u0131m (Yak\u0131n\u0131ma ili\u015fkin verileri talep ediyorum) Yak\u0131n\u0131 iseniz yak\u0131nl\u0131k derecesini belirtiniz (Yasal [&hellip;]<\/p>\n","protected":false},"author":1,"featured_media":0,"parent":0,"menu_order":0,"comment_status":"closed","ping_status":"closed","template":"","meta":{"inline_featured_image":false,"footnotes":""},"class_list":["post-8763","page","type-page","status-publish","hentry"],"_links":{"self":[{"href":"https:\/\/www.azuuhotel.com\/en\/wp-json\/wp\/v2\/pages\/8763","targetHints":{"allow":["GET"]}}],"collection":[{"href":"https:\/\/www.azuuhotel.com\/en\/wp-json\/wp\/v2\/pages"}],"about":[{"href":"https:\/\/www.azuuhotel.com\/en\/wp-json\/wp\/v2\/types\/page"}],"author":[{"embeddable":true,"href":"https:\/\/www.azuuhotel.com\/en\/wp-json\/wp\/v2\/users\/1"}],"replies":[{"embeddable":true,"href":"https:\/\/www.azuuhotel.com\/en\/wp-json\/wp\/v2\/comments?post=8763"}],"version-history":[{"count":2,"href":"https:\/\/www.azuuhotel.com\/en\/wp-json\/wp\/v2\/pages\/8763\/revisions"}],"predecessor-version":[{"id":8765,"href":"https:\/\/www.azuuhotel.com\/en\/wp-json\/wp\/v2\/pages\/8763\/revisions\/8765"}],"wp:attachment":[{"href":"https:\/\/www.azuuhotel.com\/en\/wp-json\/wp\/v2\/media?parent=8763"}],"curies":[{"name":"wp","href":"https:\/\/api.w.org\/{rel}","templated":true}]}}